{"id":35,"date":"2022-05-24T07:15:50","date_gmt":"2022-05-24T07:15:50","guid":{"rendered":"https:\/\/antiquariat-neustrelitz.de\/?page_id=35"},"modified":"2023-03-08T10:00:16","modified_gmt":"2023-03-08T09:00:16","slug":"ueber-uns","status":"publish","type":"page","link":"https:\/\/antiquariat-neustrelitz.de\/?page_id=35","title":{"rendered":"\u00dcber uns"},"content":{"rendered":"\n<p class=\"has-medium-font-size\">Das Antiquariat Neustrelitz wird vom Verein Freunde des Buches Neustrelitz e. V. getragen. Von den rund 60 Mitgliedern sind etwa 30 im laufenden Betrieb engagiert &#8211; als Verantwortliche f\u00fcr ein Sachgebiet, als Aufsicht und Verk\u00e4ufer in den \u00d6ffnungszeiten, als Pr\u00fcfer der eingehenden Medien, in der Planung, Vorbereitung und Durchf\u00fchrung von Veranstaltungen und in vielen Funktionen mehr. Jeder Wochentag wird von einem festen Team betreut, unterst\u00fctzt vom Vereinsvorstand, der auch nach au\u00dfen die Grundlagen des Betriebs organisiert.<\/p>\n\n\n\n<p class=\"has-medium-font-size\">Wir freuen uns \u00fcber neue Mitglieder, sei es als F\u00f6rdermitglieder oder als engangierte Helfer. Hier erfahren Sie N\u00e4heres: <a href=\"https:\/\/antiquariat-neustrelitz.de\/?page_id=327\">Mitglied werden<\/a> .<\/p>\n\n\n\n<p class=\"has-medium-font-size\"><a href=\"https:\/\/antiquariat-neustrelitz.de\/?page_id=339\">Die Geschichte des Antiquariats<\/a><\/p>\n\n\n\n<p class=\"has-medium-font-size\"><a href=\"https:\/\/antiquariat-neustrelitz.de\/?page_id=315\">Die Geschichte des Hafenspeichers<\/a><\/p>\n\n\n\n<p class=\"has-medium-font-size\"><a href=\"https:\/\/antiquariat-neustrelitz.de\/?page_id=104\">Die Vereinssatzung<\/a><\/p>\n","protected":false},"excerpt":{"rendered":"<p>Das Antiquariat Neustrelitz wird vom Verein Freunde des Buches Neustrelitz e. V. getragen. Von den rund 60 Mitgliedern sind etwa 30 im laufenden Betrieb engagiert &#8211; als Verantwortliche f\u00fcr ein Sachgebiet, als Aufsicht und Verk\u00e4ufer in den \u00d6ffnungszeiten, als Pr\u00fcfer der eingehenden Medien, in der Planung, Vorbereitung und Durchf\u00fchrung von Veranstaltungen und in vielen Funktionen mehr. Jeder Wochentag wird von einem festen Team betreut, unterst\u00fctzt vom Vereinsvorstand, der auch nach au\u00dfen die Grundlagen des Betriebs organisiert. Wir freuen uns \u00fcber neue Mitglieder, sei es als F\u00f6rdermitglieder oder als engangierte Helfer. Hier erfahren Sie N\u00e4heres: Mitglied werden . Die Geschichte des Antiquariats Die Geschichte des Hafenspeichers Die Vereinssatzung<\/p>\n","protected":false},"author":4,"featured_media":0,"parent":0,"menu_order":0,"comment_status":"closed","ping_status":"closed","template":"","meta":{"_eb_attr":"","footnotes":""},"class_list":["post-35","page","type-page","status-publish","hentry"],"_links":{"self":[{"href":"https:\/\/antiquariat-neustrelitz.de\/index.php?rest_route=\/wp\/v2\/pages\/35"}],"collection":[{"href":"https:\/\/antiquariat-neustrelitz.de\/index.php?rest_route=\/wp\/v2\/pages"}],"about":[{"href":"https:\/\/antiquariat-neustrelitz.de\/index.php?rest_route=\/wp\/v2\/types\/page"}],"author":[{"embeddable":true,"href":"https:\/\/antiquariat-neustrelitz.de\/index.php?rest_route=\/wp\/v2\/users\/4"}],"replies":[{"embeddable":true,"href":"https:\/\/antiquariat-neustrelitz.de\/index.php?rest_route=%2Fwp%2Fv2%2Fcomments&post=35"}],"version-history":[{"count":19,"href":"https:\/\/antiquariat-neustrelitz.de\/index.php?rest_route=\/wp\/v2\/pages\/35\/revisions"}],"predecessor-version":[{"id":949,"href":"https:\/\/antiquariat-neustrelitz.de\/index.php?rest_route=\/wp\/v2\/pages\/35\/revisions\/949"}],"wp:attachment":[{"href":"https:\/\/antiquariat-neustrelitz.de\/index.php?rest_route=%2Fwp%2Fv2%2Fmedia&parent=35"}],"curies":[{"name":"wp","href":"https:\/\/api.w.org\/{rel}","templated":true}]}}