{"id":327,"date":"2022-06-27T12:07:21","date_gmt":"2022-06-27T12:07:21","guid":{"rendered":"https:\/\/antiquariat-neustrelitz.de\/?page_id=327"},"modified":"2023-08-24T07:43:29","modified_gmt":"2023-08-24T05:43:29","slug":"mitglied-werden","status":"publish","type":"page","link":"https:\/\/antiquariat-neustrelitz.de\/?page_id=327","title":{"rendered":"Mitglied werden"},"content":{"rendered":"\n<p class=\"has-medium-font-size\">Der Verein \u201eFreunde des Buches e.V.\u201c Neustrelitz sucht kulturell interessierte Menschen mit Ideen, mit Liebe zu alten B\u00fcchern und Lust, das Kulturleben in Neustrelitz zu bereichern.<\/p>\n\n\n\n<p class=\"has-medium-font-size\">\u00dcber jede Idee und jedes neue Mitglied freuen wir uns.\u00a0J\u00e4hrlicher Mitgliedsbeitrag 12 Euro. Wer Mitglied werden m\u00f6chte, bitte <a href=\"https:\/\/antiquariat-neustrelitz.de\/wp-content\/uploads\/2023\/08\/Mitgliedsantrag-EU-DSGVO.pdf\">diesen Antrag<\/a> ausdrucken, ausf\u00fcllen und im Antiquariat abgeben oder per Mail zusenden. <\/p>\n\n\n\n<p class=\"has-medium-font-size\">Wir freuen uns auch \u00fcber Spenden:<br>Freunde des Buches e.V.<br>IBAN DE52 1505 1732 0100 0119 26.<\/p>\n","protected":false},"excerpt":{"rendered":"<p>Der Verein \u201eFreunde des Buches e.V.\u201c Neustrelitz sucht kulturell interessierte Menschen mit Ideen, mit Liebe zu alten B\u00fcchern und Lust, das Kulturleben in Neustrelitz zu bereichern. \u00dcber jede Idee und jedes neue Mitglied freuen wir uns.\u00a0J\u00e4hrlicher Mitgliedsbeitrag 12 Euro. Wer Mitglied werden m\u00f6chte, bitte diesen Antrag ausdrucken, ausf\u00fcllen und im Antiquariat abgeben oder per Mail zusenden. Wir freuen uns auch \u00fcber Spenden:Freunde des Buches e.V.IBAN DE52 1505 1732 0100 0119 26.<\/p>\n","protected":false},"author":4,"featured_media":0,"parent":0,"menu_order":0,"comment_status":"closed","ping_status":"closed","template":"","meta":{"_eb_attr":"","footnotes":""},"class_list":["post-327","page","type-page","status-publish","hentry"],"_links":{"self":[{"href":"https:\/\/antiquariat-neustrelitz.de\/index.php?rest_route=\/wp\/v2\/pages\/327"}],"collection":[{"href":"https:\/\/antiquariat-neustrelitz.de\/index.php?rest_route=\/wp\/v2\/pages"}],"about":[{"href":"https:\/\/antiquariat-neustrelitz.de\/index.php?rest_route=\/wp\/v2\/types\/page"}],"author":[{"embeddable":true,"href":"https:\/\/antiquariat-neustrelitz.de\/index.php?rest_route=\/wp\/v2\/users\/4"}],"replies":[{"embeddable":true,"href":"https:\/\/antiquariat-neustrelitz.de\/index.php?rest_route=%2Fwp%2Fv2%2Fcomments&post=327"}],"version-history":[{"count":15,"href":"https:\/\/antiquariat-neustrelitz.de\/index.php?rest_route=\/wp\/v2\/pages\/327\/revisions"}],"predecessor-version":[{"id":1020,"href":"https:\/\/antiquariat-neustrelitz.de\/index.php?rest_route=\/wp\/v2\/pages\/327\/revisions\/1020"}],"wp:attachment":[{"href":"https:\/\/antiquariat-neustrelitz.de\/index.php?rest_route=%2Fwp%2Fv2%2Fmedia&parent=327"}],"curies":[{"name":"wp","href":"https:\/\/api.w.org\/{rel}","templated":true}]}}