{"id":168,"date":"2022-07-30T07:21:08","date_gmt":"2022-07-30T05:21:08","guid":{"rendered":"https:\/\/antiquariat-neustrelitz.de\/?page_id=168"},"modified":"2026-03-25T14:20:16","modified_gmt":"2026-03-25T13:20:16","slug":"colibri-wp","status":"publish","type":"page","link":"https:\/\/antiquariat-neustrelitz.de\/","title":{"rendered":"Willkommen im Reich der B\u00fccher und Musikmedien"},"content":{"rendered":"\n<p class=\"has-medium-font-size\"><br><br>Besuchen Sie das gr\u00f6\u00dfte Antiquariat im Land Mecklenburg-Vorpommern mit \u00fcber 40.000 B\u00fcchern und Schallplatten. Unsere Medien sind, nach Themen geordnet, \u00fcbersichtlich auf 350 Quadratmetern im Erdgeschoss eines denkmalgesch\u00fctzten Hafenspeichers barrierefrei pr\u00e4sentiert. Sofas und Sessel laden zum ruhigen Testlesen ein. Das Antiquariat wird von den Freunden des Buches Neustrelitz e.V. ehrenamtlich gef\u00fchrt und hat von Ostern bis Ende Oktober ge\u00f6ffnet.<\/p>\n\n\n\n<p class=\"has-medium-font-size\">Die Saison 2026 beginnt am Sonnabend vor Ostern, 4. April, 15 Uhr. Das<br>Bl\u00e4serensemble Strelicious pr\u00e4sentiert sein neues Programm \u201eKriminal-Tango\u201c, gemeinsam mit Joseph Feigl(Piano) und Ramin Varzandeh(Gesang) vom Opernchor des Landestheaters. Bis 18 Uhr kann in den \u00fcber 40.000 B\u00fcchern, Schallplatten und CDs barrierefrei gest\u00f6bert werden. Der Eintritt ist wie immer frei; Spenden sind frei-willig.<\/p>\n","protected":false},"excerpt":{"rendered":"<p>Besuchen Sie das gr\u00f6\u00dfte Antiquariat im Land Mecklenburg-Vorpommern mit \u00fcber 40.000 B\u00fcchern und Schallplatten. Unsere Medien sind, nach Themen geordnet, \u00fcbersichtlich auf 350 Quadratmetern im Erdgeschoss eines denkmalgesch\u00fctzten Hafenspeichers barrierefrei pr\u00e4sentiert. Sofas und Sessel laden zum ruhigen Testlesen ein. Das Antiquariat wird von den Freunden des Buches Neustrelitz e.V. ehrenamtlich gef\u00fchrt und hat von Ostern bis Ende Oktober ge\u00f6ffnet. Die Saison 2026 beginnt am Sonnabend vor Ostern, 4. April, 15 Uhr. DasBl\u00e4serensemble Strelicious pr\u00e4sentiert sein neues Programm \u201eKriminal-Tango\u201c, gemeinsam mit Joseph Feigl(Piano) und Ramin Varzandeh(Gesang) vom Opernchor des Landestheaters. Bis 18 Uhr kann in den \u00fcber 40.000 B\u00fcchern, Schallplatten und CDs barrierefrei gest\u00f6bert werden. Der Eintritt ist wie immer frei; Spenden sind frei-willig.<\/p>\n","protected":false},"author":4,"featured_media":0,"parent":0,"menu_order":1,"comment_status":"closed","ping_status":"closed","template":"","meta":{"_eb_attr":"","footnotes":""},"class_list":["post-168","page","type-page","status-publish","hentry"],"_links":{"self":[{"href":"https:\/\/antiquariat-neustrelitz.de\/index.php?rest_route=\/wp\/v2\/pages\/168"}],"collection":[{"href":"https:\/\/antiquariat-neustrelitz.de\/index.php?rest_route=\/wp\/v2\/pages"}],"about":[{"href":"https:\/\/antiquariat-neustrelitz.de\/index.php?rest_route=\/wp\/v2\/types\/page"}],"author":[{"embeddable":true,"href":"https:\/\/antiquariat-neustrelitz.de\/index.php?rest_route=\/wp\/v2\/users\/4"}],"replies":[{"embeddable":true,"href":"https:\/\/antiquariat-neustrelitz.de\/index.php?rest_route=%2Fwp%2Fv2%2Fcomments&post=168"}],"version-history":[{"count":75,"href":"https:\/\/antiquariat-neustrelitz.de\/index.php?rest_route=\/wp\/v2\/pages\/168\/revisions"}],"predecessor-version":[{"id":1246,"href":"https:\/\/antiquariat-neustrelitz.de\/index.php?rest_route=\/wp\/v2\/pages\/168\/revisions\/1246"}],"wp:attachment":[{"href":"https:\/\/antiquariat-neustrelitz.de\/index.php?rest_route=%2Fwp%2Fv2%2Fmedia&parent=168"}],"curies":[{"name":"wp","href":"https:\/\/api.w.org\/{rel}","templated":true}]}}