{"id":145,"date":"2022-05-24T13:31:08","date_gmt":"2022-05-24T13:31:08","guid":{"rendered":"https:\/\/antiquariat-neustrelitz.de\/?page_id=145"},"modified":"2026-03-25T14:20:56","modified_gmt":"2026-03-25T13:20:56","slug":"beispielliste","status":"publish","type":"page","link":"https:\/\/antiquariat-neustrelitz.de\/?page_id=145","title":{"rendered":"Unser Angebot"},"content":{"rendered":"\n<p class=\"has-medium-font-size\">Das gr\u00f6\u00dfte Antiquariat in Mecklenburg-Vorpommern bietet mehr als ungeordnete W\u00fchltische und Kramkisten. Unser Bestand umfasst Belletristik, Sach- und Fachb\u00fccher sowie Schallplatten und CDs. Enthalten sind eine umfangreiche belletristische Sammlung zu Produktionen von DDR-Verlagen, einschlie\u00dflich Kinder- und Jugendliteratur, Mecklenburgica (auch Plattdeutsch, u.a. ein Schrank voll Fritz Reuter), Noten und Kunstb\u00e4nde, ein Zimmer f\u00fcr Krimis, aber auch zahlreiche Klassiker der Fachliteratur zu Natur- und Geisteswissenschaften und Technik oder Ratgeber f\u00fcr Freizeit und Familie. F\u00fcr historisch Interessierte gibt es einen reichen Bestand an politischer und Propaganda-Literatur der DDR. Und alles zu moderaten Preisen.<br>F\u00fcr Bibliophile, Sammler und speziell Interessierte halten wir vielf\u00e4tige Angebote in der <a href=\"https:\/\/antiquariat-neustrelitz.de\/?page_id=806\">Schatztruhe<\/a> bereit.<br>\u00a0<br><strong>\u00dcberblick \u00fcber die Abteilungen:<\/strong><br>Die Belletristik ist mit den alphabetisch nach Autoren geordneten Gro\u00dfabteilungen Romane, Kriminalromane und Erz\u00e4hlungen der Schwerpunkt des Angebots. Es folgen Biografien sowie Kinder- und Jugendliteratur.<\/p>\n\n\n\n<p class=\"has-medium-font-size\">Weitere Abteilungen und Themen:<br>Heimat- und Regionalliteratur Mecklenburger Seenplatte<br>Literaturwissenschaft, Literaturgeschichte<br>Klassiker der Literatur (Werks- und Einzelausgaben)<br>Verlagsreihen<br>Lyrik<br>Philosophie, Psychologie, Soziologie, Ehe, Familie, Esoterik<br>Religionen<br>Deutsche Geschichte, Zeitgeschichte<br>Eisenbahn, Auto, Seefahrt, Luftfahrt, Milit\u00e4rwesen<br>Tiere<br>Garten, Jagd, Landwirtschaft, Wissenschaft, Technik<br>Musik: Noten, Musiker- und Komponistenmonografien, Schallplatten, CDs, DVDs, Videos<br>Bildende Kunst, Architektur<br>Sport<br>Hobbies: Basteln, Handarbeiten, R\u00e4tsel, Foto, Film<br>Medizin, Gesundheit, Kochb\u00fccher<br>Erotik, Humor, Satire<br>Lexika und W\u00f6rterb\u00fccher<br>Geografisches, Reisef\u00fchrer: Alle Kontinente, Deutsche St\u00e4dte und Landschaften<br>Recht (BRD und DDR), P\u00e4dagogik, Schulb\u00fccher<br>Marxismus-Leninismus<\/p>\n\n\n\n<p class=\"has-medium-font-size\"><em>Bei der Aufsicht erhalten Sie gerne eine Raum\u00fcbersicht mit der Anordnung der Sachthemen<\/em><\/p>\n","protected":false},"excerpt":{"rendered":"<p>Das gr\u00f6\u00dfte Antiquariat in Mecklenburg-Vorpommern bietet mehr als ungeordnete W\u00fchltische und Kramkisten. Unser Bestand umfasst Belletristik, Sach- und Fachb\u00fccher sowie Schallplatten und CDs. Enthalten sind eine umfangreiche belletristische Sammlung zu Produktionen von DDR-Verlagen, einschlie\u00dflich Kinder- und Jugendliteratur, Mecklenburgica (auch Plattdeutsch, u.a. ein Schrank voll Fritz Reuter), Noten und Kunstb\u00e4nde, ein Zimmer f\u00fcr Krimis, aber auch zahlreiche Klassiker der Fachliteratur zu Natur- und Geisteswissenschaften und Technik oder Ratgeber f\u00fcr Freizeit und Familie. F\u00fcr historisch Interessierte gibt es einen reichen Bestand an politischer und Propaganda-Literatur der DDR. Und alles zu moderaten Preisen.F\u00fcr Bibliophile, Sammler und speziell Interessierte halten wir vielf\u00e4tige Angebote in der Schatztruhe bereit.\u00a0\u00dcberblick \u00fcber die Abteilungen:Die Belletristik ist mit den alphabetisch nach Autoren geordneten Gro\u00dfabteilungen Romane, Kriminalromane und Erz\u00e4hlungen der Schwerpunkt des Angebots. Es folgen Biografien sowie Kinder- und Jugendliteratur. Weitere Abteilungen und Themen:Heimat- und Regionalliteratur Mecklenburger SeenplatteLiteraturwissenschaft, LiteraturgeschichteKlassiker der Literatur (Werks- und Einzelausgaben)VerlagsreihenLyrikPhilosophie, Psychologie, Soziologie, Ehe, Familie, EsoterikReligionenDeutsche Geschichte, ZeitgeschichteEisenbahn, Auto, Seefahrt, Luftfahrt, Milit\u00e4rwesenTiereGarten, Jagd, Landwirtschaft, Wissenschaft, TechnikMusik: Noten, Musiker- und Komponistenmonografien, Schallplatten, CDs, DVDs, VideosBildende Kunst, ArchitekturSportHobbies: Basteln, Handarbeiten, R\u00e4tsel, Foto, FilmMedizin, Gesundheit, Kochb\u00fccherErotik, Humor, SatireLexika und W\u00f6rterb\u00fccherGeografisches, Reisef\u00fchrer: Alle Kontinente, Deutsche St\u00e4dte und LandschaftenRecht (BRD und DDR), P\u00e4dagogik, Schulb\u00fccherMarxismus-Leninismus Bei der Aufsicht erhalten Sie gerne eine Raum\u00fcbersicht mit der Anordnung der Sachthemen<\/p>\n","protected":false},"author":4,"featured_media":0,"parent":0,"menu_order":0,"comment_status":"closed","ping_status":"closed","template":"","meta":{"_eb_attr":"","footnotes":""},"class_list":["post-145","page","type-page","status-publish","hentry"],"_links":{"self":[{"href":"https:\/\/antiquariat-neustrelitz.de\/index.php?rest_route=\/wp\/v2\/pages\/145"}],"collection":[{"href":"https:\/\/antiquariat-neustrelitz.de\/index.php?rest_route=\/wp\/v2\/pages"}],"about":[{"href":"https:\/\/antiquariat-neustrelitz.de\/index.php?rest_route=\/wp\/v2\/types\/page"}],"author":[{"embeddable":true,"href":"https:\/\/antiquariat-neustrelitz.de\/index.php?rest_route=\/wp\/v2\/users\/4"}],"replies":[{"embeddable":true,"href":"https:\/\/antiquariat-neustrelitz.de\/index.php?rest_route=%2Fwp%2Fv2%2Fcomments&post=145"}],"version-history":[{"count":26,"href":"https:\/\/antiquariat-neustrelitz.de\/index.php?rest_route=\/wp\/v2\/pages\/145\/revisions"}],"predecessor-version":[{"id":1247,"href":"https:\/\/antiquariat-neustrelitz.de\/index.php?rest_route=\/wp\/v2\/pages\/145\/revisions\/1247"}],"wp:attachment":[{"href":"https:\/\/antiquariat-neustrelitz.de\/index.php?rest_route=%2Fwp%2Fv2%2Fmedia&parent=145"}],"curies":[{"name":"wp","href":"https:\/\/api.w.org\/{rel}","templated":true}]}}